{"id":235,"date":"2021-12-20T16:37:26","date_gmt":"2021-12-20T16:37:26","guid":{"rendered":"https:\/\/unpeudephysique.be\/wp\/?page_id=235"},"modified":"2021-12-20T21:13:19","modified_gmt":"2021-12-20T21:13:19","slug":"les-trois-temperatures-dun-gaz","status":"publish","type":"page","link":"https:\/\/unpeudephysique.be\/wp\/?page_id=235","title":{"rendered":"Les trois temp\u00e9ratures d&rsquo;un gaz"},"content":{"rendered":"\n<p>Un gaz est un syst\u00e8me relativement  complexe. Les mol\u00e9cules qui le constituent sont anim\u00e9es de mouvements de translation, elles poss\u00e8dent des niveaux d&rsquo;excitation quantiques susceptibles de transitions par \u00e9mission ou absorption de photons ou par conversion d&rsquo;\u00e9nergie quantique en \u00e9nergie de translation et vis-versa, et ces mol\u00e9cules sont baign\u00e9es par un bain de photons issus des transitions quantiques. Il s&rsquo;agit donc d&rsquo;un syst\u00e8me physique poss\u00e9dant trois aspects qui peuvent tous les trois \u00eatre caract\u00e9ris\u00e9s par une temp\u00e9rature. Nous allons passer en revue ces trois temp\u00e9ratures. <\/p>\n\n\n\n<h2 class=\"wp-block-heading\">Temp\u00e9rature cin\u00e9tique<\/h2>\n\n\n\n<p>A l&rsquo;\u00e9quilibre thermodynamique, la r\u00e9partition des vitesses des mol\u00e9cules d&rsquo;un gaz homog\u00e8ne suit la loi de distribution de Maxwell-Boltzmann. La densit\u00e9 de probabilit\u00e9 de la vitesse <span class=\"katex-eq\" data-katex-display=\"false\">\\vec{v}=(v_1,v_2,v_3)<\/span> est donn\u00e9e par :<\/p>\n\n\n\n<div class=\"wp-block-katex-display-block katex-eq\" data-katex-display=\"true\"><pre>G(\\vec{v})=\\left(\\frac{m}{2\\pi k T}\\right)^{3\/2} e^{-\\normalsize \\frac{mv\u00b2}{2 k T}}<\/pre><\/div>\n\n\n\n<p>o\u00f9 <span class=\"katex-eq\" data-katex-display=\"false\">m<\/span> est la masse d&rsquo;une mol\u00e9cule, <span class=\"katex-eq\" data-katex-display=\"false\">k<\/span> la constante de Boltzmann, et <span class=\"katex-eq\" data-katex-display=\"false\">T<\/span> la temp\u00e9rature.<\/p>\n\n\n\n<p>Gr\u00e2ce \u00e0 cette distribution, on peut calculer la probabilit\u00e9 que la norme de la vitesse soit comprise dans l&rsquo;intervalle <span class=\"katex-eq\" data-katex-display=\"false\">[v,v+dv]<\/span> :<\/p>\n\n\n\n<div class=\"wp-block-katex-display-block katex-eq\" data-katex-display=\"true\"><pre>f(v) = 4 \\pi v\u00b2\\ G(v) = \\sqrt{\\frac{2}{\\pi}} \\left(\\frac{m}{kT}\\right)^{3\/2} v\u00b2\\ e^{-\\normalsize \\frac{mv\u00b2}{2 k T}}<\/pre><\/div>\n\n\n\n<h2 class=\"wp-block-heading\">Temp\u00e9rature de Boltzmann<\/h2>\n\n\n\n<p>Les mol\u00e9cules d&rsquo;un gaz poss\u00e8dent diff\u00e9rents niveaux d&rsquo;excitation correspondant \u00e0 des modes vibrationnels ou rotationnels. La physique statistique nous apprend que, \u00e0 l&rsquo;\u00e9quilibre thermodynamique, la proportion des mol\u00e9cules qui sont dans l&rsquo;\u00e9tat d&rsquo;excitation d&rsquo;\u00e9nergie <span class=\"katex-eq\" data-katex-display=\"false\">E_i<\/span> est donn\u00e9e par la distribution de Boltzmann :<\/p>\n\n\n\n<div class=\"wp-block-katex-display-block katex-eq\" data-katex-display=\"true\"><pre>\\frac{N_i}{N} = \\frac{g_i\\ e^{-E_i \/ kT}}{Z(T)}<\/pre><\/div>\n\n\n\n<p>o\u00f9 <span class=\"katex-eq\" data-katex-display=\"false\">N_i<\/span> est le nombre de mol\u00e9cules dans l&rsquo;\u00e9tat <span class=\"katex-eq\" data-katex-display=\"false\">E_i<\/span>, <span class=\"katex-eq\" data-katex-display=\"false\">N<\/span> le nombre total de mol\u00e9cules, <span class=\"katex-eq\" data-katex-display=\"false\">k<\/span> la constante de Boltzmann, <span class=\"katex-eq\" data-katex-display=\"false\">T<\/span> la temp\u00e9rature, et <span class=\"katex-eq\" data-katex-display=\"false\">Z(T)<\/span> est la fonction de partition d\u00e9finie par :<\/p>\n\n\n\n<div class=\"wp-block-katex-display-block katex-eq\" data-katex-display=\"true\"><pre>Z(T) = \\sum_i g_i e^{-E_i \/ kT}<\/pre><\/div>\n\n\n\n<h2 class=\"wp-block-heading\">Temp\u00e9rature de Planck<\/h2>\n\n\n\n<p>Pour tout corps qui rayonne \u00e0 l&rsquo;\u00e9quilibre thermodynamique, la loi de Stefan-Boltzmann impose que la puissance rayonn\u00e9e est proportionnelle \u00e0 la puissance quatre de la temp\u00e9rature :<\/p>\n\n\n\n<div class=\"wp-block-katex-display-block katex-eq\" data-katex-display=\"true\"><pre>P = \\epsilon \\ \\sigma\\ T\u2074<\/pre><\/div>\n\n\n\n<p>o\u00f9 <span class=\"katex-eq\" data-katex-display=\"false\">P<\/span> est la puissance en <span class=\"katex-eq\" data-katex-display=\"false\">W\/m^{2}<\/span>, <span class=\"katex-eq\" data-katex-display=\"false\">\\epsilon<\/span> un nombre r\u00e9el compris entre 0 et 1, <span class=\"katex-eq\" data-katex-display=\"false\">\\sigma<\/span> est la constante de Stefan-Boltzmann \u00e9gale \u00e0 <span class=\"katex-eq\" data-katex-display=\"false\">5{,}67\\ 10^{-8}\\ W\/m^{2}\/K^{4}<\/span>, et <span class=\"katex-eq\" data-katex-display=\"false\">T<\/span> la temp\u00e9rature en Kelvin.<\/p>\n","protected":false},"excerpt":{"rendered":"<p>Un gaz est un syst\u00e8me relativement complexe. Les mol\u00e9cules qui le constituent sont anim\u00e9es de mouvements de translation, elles poss\u00e8dent des niveaux d&rsquo;excitation quantiques susceptibles [&#8230;]<\/p>\n","protected":false},"author":1,"featured_media":0,"parent":0,"menu_order":0,"comment_status":"closed","ping_status":"closed","template":"","meta":{"footnotes":""},"class_list":["post-235","page","type-page","status-publish","hentry"],"_links":{"self":[{"href":"https:\/\/unpeudephysique.be\/wp\/index.php?rest_route=\/wp\/v2\/pages\/235","targetHints":{"allow":["GET"]}}],"collection":[{"href":"https:\/\/unpeudephysique.be\/wp\/index.php?rest_route=\/wp\/v2\/pages"}],"about":[{"href":"https:\/\/unpeudephysique.be\/wp\/index.php?rest_route=\/wp\/v2\/types\/page"}],"author":[{"embeddable":true,"href":"https:\/\/unpeudephysique.be\/wp\/index.php?rest_route=\/wp\/v2\/users\/1"}],"replies":[{"embeddable":true,"href":"https:\/\/unpeudephysique.be\/wp\/index.php?rest_route=%2Fwp%2Fv2%2Fcomments&post=235"}],"version-history":[{"count":37,"href":"https:\/\/unpeudephysique.be\/wp\/index.php?rest_route=\/wp\/v2\/pages\/235\/revisions"}],"predecessor-version":[{"id":324,"href":"https:\/\/unpeudephysique.be\/wp\/index.php?rest_route=\/wp\/v2\/pages\/235\/revisions\/324"}],"wp:attachment":[{"href":"https:\/\/unpeudephysique.be\/wp\/index.php?rest_route=%2Fwp%2Fv2%2Fmedia&parent=235"}],"curies":[{"name":"wp","href":"https:\/\/api.w.org\/{rel}","templated":true}]}}