{"id":262,"date":"2021-12-20T15:17:46","date_gmt":"2021-12-20T15:17:46","guid":{"rendered":"https:\/\/unpeudephysique.be\/wp\/?page_id=262"},"modified":"2021-12-23T12:38:06","modified_gmt":"2021-12-23T12:38:06","slug":"comparaison-des-taux-des-emissions-spontanees-et-induites","status":"publish","type":"page","link":"https:\/\/unpeudephysique.be\/wp\/?page_id=262","title":{"rendered":"Comparaison des taux des \u00e9missions spontan\u00e9es et induites"},"content":{"rendered":"\n<h4 class=\"wp-block-heading\">Objectif<\/h4>\n\n\n\n<p>Dans un gaz, une mol\u00e9cule peut se d\u00e9sexciter spontan\u00e9ment ou par \u00e9mission induite. Ces deux processus peuvent \u00eatre caract\u00e9ris\u00e9s par des taux. On aimerait connaitre le rapport entre ces taux, en particulier pour le CO<sub>2<\/sub> atmosph\u00e9rique.<\/p>\n\n\n\n<h4 class=\"wp-block-heading\">R\u00e9solution du probl\u00e8me<\/h4>\n\n\n\n<p>Repartons des d\u00e9finitions des coefficients d&rsquo;Einstein pour les deux processus. La probabilit\u00e9 d&rsquo;une \u00e9mission spontan\u00e9e est :<\/p>\n\n\n\n<div class=\"wp-block-katex-display-block katex-eq\" data-katex-display=\"true\"><pre>dW_{mn}^s = A_{mn}\\ dt<\/pre><\/div>\n\n\n\n<p>La probabilit\u00e9 d&rsquo;une \u00e9mission induite est :<\/p>\n\n\n\n<div class=\"wp-block-katex-display-block katex-eq\" data-katex-display=\"true\"><pre>dW_{mn}^i = B_{mn}\\ u_{\\nu_{mn}}\\ dt<\/pre><\/div>\n\n\n\n<p>o\u00f9 <span class=\"katex-eq\" data-katex-display=\"false\">u_{\\nu_{mn}}<\/span> est la densit\u00e9 d&rsquo;\u00e9nergie sp\u00e9cifique \u00e0 la fr\u00e9quence <span class=\"katex-eq\" data-katex-display=\"false\">\\nu_{mn}<\/span>. Einstein a d\u00e9montr\u00e9 que ces deux coefficients sont li\u00e9s par la relation suivante :<\/p>\n\n\n\n<div class=\"wp-block-katex-display-block katex-eq\" data-katex-display=\"true\"><pre>\\frac{A_{mn}}{B_{mn}} = \\frac{8\\pi h \\nu_{mn}^{3}}{c\u00b3}<\/pre><\/div>\n\n\n\n<p><span style=\"text-decoration: underline;\">N.B.<\/span>: On suppose ici que le rayonnement est isotrope et qu&rsquo;on l&rsquo;int\u00e8gre sur tout l&rsquo;angle solide, d&rsquo;o\u00f9 l&rsquo;apparition d&rsquo;un facteur <span class=\"katex-eq\" data-katex-display=\"false\">4\\pi<\/span> au num\u00e9rateur. <\/p>\n\n\n\n<p>Il se serait tentant de se dire que cette relation donne le rapport entre les taux d&rsquo;\u00e9missions spontan\u00e9es et induites, mais ce serait commettre une monumentale erreur, \u00e9tant donn\u00e9 que ce rapport n&rsquo;est pas sans dimension ! En r\u00e9alit\u00e9, le taux de transitions induites est :<\/p>\n\n\n\n<div class=\"wp-block-katex-display-block katex-eq\" data-katex-display=\"true\"><pre>W^{i}_{mn} = B_{mn}\\ u_{\\nu_{mn}}<\/pre><\/div>\n\n\n\n<p>Comme on sait qu&rsquo;\u00e0 l&rsquo;\u00e9quilibre thermodynamique,  <span class=\"katex-eq\" data-katex-display=\"false\">u_{\\nu_{mn}}<\/span> est donn\u00e9 par la loi de Planck :<\/p>\n\n\n\n<div class=\"wp-block-katex-display-block katex-eq\" data-katex-display=\"true\"><pre>u_{\\nu_{mn}} = \\frac{8\\pi h \\nu_{mn}^{3}}{c\u00b3}\\ \\frac{1}{e^{h\\nu_{mn}\/kT}-1} = \\frac{A_{mn}}{B_{mn}}\\ \\frac{1}{e^{h\\nu_{mn}\/kT}-1}<\/pre><\/div>\n\n\n\n<p>Le taux de transition induite devient donc :<\/p>\n\n\n\n<div class=\"wp-block-katex-display-block katex-eq\" data-katex-display=\"true\"><pre>W^{i}_{mn} = \\frac{A_{mn}}{e^{h\\nu_{mn}\/kT}-1}<\/pre><\/div>\n\n\n\n<p>Nous avons donc notre formule pour calculer le rapport <span class=\"katex-eq\" data-katex-display=\"false\">W^{i}_{mn}\/A_{mn}<\/span> entre les taux d&rsquo;\u00e9missions induites et spontan\u00e9es !<\/p>\n\n\n\n<h4 class=\"wp-block-heading\">Application num\u00e9rique<\/h4>\n\n\n\n<p>On va donc appliquer cette formule au cas du CO<sub>2<\/sub> atmosph\u00e9rique (temp\u00e9rature 288 K). Le centre de la bande d&rsquo;absorption o\u00f9 le CO<sub>2<\/sub> est le plus efficace (et donc \u00ab\u00a0emb\u00eatant\u00a0\u00bb par rapport \u00e0 la probl\u00e9matique de l&rsquo;effet de serre anthropique&#8230;) est situ\u00e9 autour de 15 \u00b5m.<\/p>\n\n\n\n<div class=\"wp-block-katex-display-block katex-eq\" data-katex-display=\"true\"><pre>\\lambda_{mn} = 15\\ 10^{-6}\\ m\\ \\ \\longrightarrow \\nu_{mn} = c \/ \\lambda_{mn}= 3\\ 10^8\\ \/\\ 15\\ 10^{-6}\\ s^{-1} = 0{,}2\\ 10^{14}\\ s^{-1}<\/pre><\/div>\n\n\n\n<div class=\"wp-block-katex-display-block katex-eq\" data-katex-display=\"true\"><pre>h\\nu_{mn} = 6{,}626\\ 10^{-34}\\ 0{,}2\\ 10^{14}\\ J = 1{,}3252\\ 10^{-20}\\ J<\/pre><\/div>\n\n\n\n<div class=\"wp-block-katex-display-block katex-eq\" data-katex-display=\"true\"><pre>k\\ T_{A} = 1{,}38\\ 10^{-23}\\ 288\\ J<\/pre><\/div>\n\n\n\n<div class=\"wp-block-katex-display-block katex-eq\" data-katex-display=\"true\"><pre>h\\nu_{mn}\/kT_A = 3{,}33 \\longrightarrow 1\/(e^{3{,}33} - 1) = 3{,}71\\ 10^{-2}<\/pre><\/div>\n\n\n\n<p>On trouve donc que <span class=\"katex-eq\" data-katex-display=\"false\">W^{i}_{mn}\/A_{mn} = 3{,}71\\ 10^{-2}<\/span>. Si on prend comme r\u00e9f\u00e9rence <span class=\"katex-eq\" data-katex-display=\"false\">A_{mn} = 1\\ s^{-1}<\/span> (pour le CO<sub>2<\/sub>, c&rsquo;est un peu moins), on a donc que <span class=\"katex-eq\" data-katex-display=\"false\">W^{i}_{mn} = 0{,}037\\ s^{-1}<\/span> . Pour le CO<sub>2<\/sub>, les \u00e9missions induites sont donc environ 30 fois moins nombreuses par unit\u00e9 de temps que les \u00e9missions spontan\u00e9es.<\/p>\n","protected":false},"excerpt":{"rendered":"<p>Objectif Dans un gaz, une mol\u00e9cule peut se d\u00e9sexciter spontan\u00e9ment ou par \u00e9mission induite. Ces deux processus peuvent \u00eatre caract\u00e9ris\u00e9s par des taux. On aimerait [&#8230;]<\/p>\n","protected":false},"author":1,"featured_media":0,"parent":0,"menu_order":0,"comment_status":"closed","ping_status":"closed","template":"","meta":{"footnotes":""},"class_list":["post-262","page","type-page","status-publish","hentry"],"_links":{"self":[{"href":"https:\/\/unpeudephysique.be\/wp\/index.php?rest_route=\/wp\/v2\/pages\/262","targetHints":{"allow":["GET"]}}],"collection":[{"href":"https:\/\/unpeudephysique.be\/wp\/index.php?rest_route=\/wp\/v2\/pages"}],"about":[{"href":"https:\/\/unpeudephysique.be\/wp\/index.php?rest_route=\/wp\/v2\/types\/page"}],"author":[{"embeddable":true,"href":"https:\/\/unpeudephysique.be\/wp\/index.php?rest_route=\/wp\/v2\/users\/1"}],"replies":[{"embeddable":true,"href":"https:\/\/unpeudephysique.be\/wp\/index.php?rest_route=%2Fwp%2Fv2%2Fcomments&post=262"}],"version-history":[{"count":27,"href":"https:\/\/unpeudephysique.be\/wp\/index.php?rest_route=\/wp\/v2\/pages\/262\/revisions"}],"predecessor-version":[{"id":387,"href":"https:\/\/unpeudephysique.be\/wp\/index.php?rest_route=\/wp\/v2\/pages\/262\/revisions\/387"}],"wp:attachment":[{"href":"https:\/\/unpeudephysique.be\/wp\/index.php?rest_route=%2Fwp%2Fv2%2Fmedia&parent=262"}],"curies":[{"name":"wp","href":"https:\/\/api.w.org\/{rel}","templated":true}]}}