{"id":300,"date":"2021-12-20T16:01:54","date_gmt":"2021-12-20T16:01:54","guid":{"rendered":"https:\/\/unpeudephysique.be\/wp\/?page_id=300"},"modified":"2021-12-20T16:46:28","modified_gmt":"2021-12-20T16:46:28","slug":"les-bases-physiques","status":"publish","type":"page","link":"https:\/\/unpeudephysique.be\/wp\/?page_id=300","title":{"rendered":"Les bases physiques"},"content":{"rendered":"\n<p>Vous trouverez ici des notions de base en physique pr\u00e9sent\u00e9es rapidement, le but \u00e9tant de vous \u00e9pargner de longues recherches dans Wikipedia ou dans la litt\u00e9rature scientifique et de rendre mon blog un peu plus \u00ab\u00a0self-contained\u00a0\u00bb.<\/p>\n","protected":false},"excerpt":{"rendered":"<p>Vous trouverez ici des notions de base en physique pr\u00e9sent\u00e9es rapidement, le but \u00e9tant de vous \u00e9pargner de longues recherches dans Wikipedia ou dans la [&#8230;]<\/p>\n","protected":false},"author":1,"featured_media":0,"parent":0,"menu_order":0,"comment_status":"closed","ping_status":"closed","template":"","meta":{"footnotes":""},"class_list":["post-300","page","type-page","status-publish","hentry"],"_links":{"self":[{"href":"https:\/\/unpeudephysique.be\/wp\/index.php?rest_route=\/wp\/v2\/pages\/300","targetHints":{"allow":["GET"]}}],"collection":[{"href":"https:\/\/unpeudephysique.be\/wp\/index.php?rest_route=\/wp\/v2\/pages"}],"about":[{"href":"https:\/\/unpeudephysique.be\/wp\/index.php?rest_route=\/wp\/v2\/types\/page"}],"author":[{"embeddable":true,"href":"https:\/\/unpeudephysique.be\/wp\/index.php?rest_route=\/wp\/v2\/users\/1"}],"replies":[{"embeddable":true,"href":"https:\/\/unpeudephysique.be\/wp\/index.php?rest_route=%2Fwp%2Fv2%2Fcomments&post=300"}],"version-history":[{"count":2,"href":"https:\/\/unpeudephysique.be\/wp\/index.php?rest_route=\/wp\/v2\/pages\/300\/revisions"}],"predecessor-version":[{"id":316,"href":"https:\/\/unpeudephysique.be\/wp\/index.php?rest_route=\/wp\/v2\/pages\/300\/revisions\/316"}],"wp:attachment":[{"href":"https:\/\/unpeudephysique.be\/wp\/index.php?rest_route=%2Fwp%2Fv2%2Fmedia&parent=300"}],"curies":[{"name":"wp","href":"https:\/\/api.w.org\/{rel}","templated":true}]}}